{"id":817,"date":"2025-08-06T07:05:38","date_gmt":"2025-08-06T07:05:38","guid":{"rendered":"https:\/\/signaletiquefactory.fr\/?page_id=817"},"modified":"2025-09-30T14:07:57","modified_gmt":"2025-09-30T14:07:57","slug":"nous-contacter","status":"publish","type":"page","link":"https:\/\/signaletiquefactory.fr\/index.php\/nous-contacter\/","title":{"rendered":"Nous contacter Signal\u00e9tique sur mesure int\u00e9rieure &amp; ext\u00e9rieure | Signaletique Factory"},"content":{"rendered":"\n<div class=\"wp-block-cover is-light\"><img loading=\"lazy\" decoding=\"async\" width=\"1024\" height=\"576\" class=\"wp-block-cover__image-background wp-image-794 size-large\" alt=\"Signal\u00e9tique sur mesure\" src=\"https:\/\/signaletiquefactory.fr\/wp-content\/uploads\/2025\/08\/contact-1024x576.jpg\" data-object-fit=\"cover\" srcset=\"https:\/\/signaletiquefactory.fr\/wp-content\/uploads\/2025\/08\/contact-1024x576.jpg 1024w, https:\/\/signaletiquefactory.fr\/wp-content\/uploads\/2025\/08\/contact-300x169.jpg 300w, https:\/\/signaletiquefactory.fr\/wp-content\/uploads\/2025\/08\/contact-768x432.jpg 768w, https:\/\/signaletiquefactory.fr\/wp-content\/uploads\/2025\/08\/contact-1536x864.jpg 1536w, https:\/\/signaletiquefactory.fr\/wp-content\/uploads\/2025\/08\/contact-2048x1152.jpg 2048w\" sizes=\"auto, (max-width: 1024px) 100vw, 1024px\" \/><span aria-hidden=\"true\" class=\"wp-block-cover__background has-background-dim-20 has-background-dim\" style=\"background-color:#b3acaa\"><\/span><div class=\"wp-block-cover__inner-container is-layout-constrained wp-block-cover-is-layout-constrained\">\n<h2 class=\"wp-block-heading has-text-align-center animated backInDown slower has-nv-c-1-color has-text-color has-background has-link-color wp-elements-131e4575adffa807a99d891a21fccb2f\" style=\"border-width:3px;border-radius:26px;background-color:#f4f4f469;padding-top:0;padding-bottom:0\">Nous contacter<\/h2>\n<\/div><\/div>\n\n\n\n<div class=\"wp-block-cover alignfull animated backInUp slow\" style=\"min-height:753px;aspect-ratio:unset;\"><span aria-hidden=\"true\" class=\"wp-block-cover__background has-nv-light-bg-background-color has-background-dim-100 has-background-dim\"><\/span><div class=\"wp-block-cover__inner-container is-layout-flow wp-block-cover-is-layout-flow\">\n<div class=\"wp-block-columns is-layout-flex wp-container-core-columns-is-layout-9d6595d7 wp-block-columns-is-layout-flex\">\n<div class=\"wp-block-column ticss-4ce656f1 is-layout-flow wp-block-column-is-layout-flow\">\n<div class=\"wp-block-group has-nv-site-bg-background-color has-background\"><div class=\"wp-block-group__inner-container is-layout-flow wp-block-group-is-layout-flow\">\n<div style=\"height:24px\" aria-hidden=\"true\" class=\"wp-block-spacer\"><\/div>\n\n\n<div class=\"wp-block-image icon-style is-style-default\">\n<figure class=\"aligncenter size-large\"><img loading=\"lazy\" decoding=\"async\" width=\"63\" height=\"63\" src=\"https:\/\/signaletiquefactory.fr\/wp-content\/uploads\/2021\/06\/phone-sm.png\" alt=\"\" class=\"wp-image-304\"\/><\/figure>\n<\/div>\n\n\n<div style=\"height:24px\" aria-hidden=\"true\" class=\"wp-block-spacer\"><\/div>\n\n\n\n<h3 class=\"wp-block-heading has-text-align-center has-neve-text-color-color has-text-color\">07 57 43 28 20<\/h3>\n\n\n\n<div style=\"height:24px\" aria-hidden=\"true\" class=\"wp-block-spacer\"><\/div>\n<\/div><\/div>\n<\/div>\n\n\n\n<div class=\"wp-block-column ticss-f6fc7494 is-layout-flow wp-block-column-is-layout-flow\">\n<div class=\"wp-block-group has-nv-site-bg-background-color has-background\"><div class=\"wp-block-group__inner-container is-layout-flow wp-block-group-is-layout-flow\">\n<div style=\"height:24px\" aria-hidden=\"true\" class=\"wp-block-spacer\"><\/div>\n\n\n<div class=\"wp-block-image icon-style is-style-default\">\n<figure class=\"aligncenter size-large\"><img loading=\"lazy\" decoding=\"async\" width=\"65\" height=\"65\" src=\"https:\/\/signaletiquefactory.fr\/wp-content\/uploads\/2021\/06\/email-sm.png\" alt=\"\" class=\"wp-image-306\"\/><\/figure>\n<\/div>\n\n\n<div style=\"height:24px\" aria-hidden=\"true\" class=\"wp-block-spacer\"><\/div>\n\n\n\n<h3 class=\"wp-block-heading has-text-align-center has-neve-text-color-color has-text-color\">romuald@signaletiquefactory.fr<\/h3>\n\n\n\n<div style=\"height:24px\" aria-hidden=\"true\" class=\"wp-block-spacer\"><\/div>\n<\/div><\/div>\n<\/div>\n<\/div>\n\n\n<div class='fluentform ff-inherit-theme-style fluentform_wrapper_1'><form data-form_id=\"1\" id=\"fluentform_1\" class=\"frm-fluent-form fluent_form_1 ff-el-form-top ff_form_instance_1_1 ff-form-loading ffs_inherit_theme\" data-form_instance=\"ff_form_instance_1_1\" method=\"POST\" ><fieldset  style=\"border: none!important;margin: 0!important;padding: 0!important;background-color: transparent!important;box-shadow: none!important;outline: none!important; min-inline-size: 100%;\">\n                    <legend class=\"ff_screen_reader_title\" style=\"display: block; margin: 0!important;padding: 0!important;height: 0!important;text-indent: -999999px;width: 0!important;overflow:hidden;\">Contact Form Demo<\/legend><p style=\"display: none !important;\" class=\"akismet-fields-container\" data-prefix=\"ak_\"><label>&#916;<textarea name=\"ak_hp_textarea\" cols=\"45\" rows=\"8\" maxlength=\"100\"><\/textarea><\/label><input type=\"hidden\" id=\"ak_js_1\" name=\"ak_js\" value=\"72\"\/><script>\ndocument.getElementById( \"ak_js_1\" ).setAttribute( \"value\", ( new Date() ).getTime() );\n<\/script>\n<\/p>        <div\n                style=\"display: none!important; position: absolute!important; transform: translateX(1000%)!important;\"\n                class=\"ff-el-group ff-hpsf-container\"\n        >\n            <div class=\"ff-el-input--label asterisk-right\">\n                <label for=\"ff_1_item_sf\" aria-label=\"Contact\">\n                    Contact                <\/label>\n            <\/div>\n            <div class=\"ff-el-input--content\">\n                <input type=\"text\"\n                       name=\"item_1__fluent_sf\"\n                       class=\"ff-el-form-control\"\n                       id=\"ff_1_item_sf\"\n                \/>\n            <\/div>\n        <\/div>\n                <input type=\"hidden\" id=\"__fluent_protection_token_1\" class=\"fluent-form-token-field\" name=\"__fluent_protection_token_1\">\n        <input type='hidden' name='__fluent_form_embded_post_id' value='817' \/><input type=\"hidden\" id=\"_fluentform_1_fluentformnonce\" name=\"_fluentform_1_fluentformnonce\" value=\"2a9607428b\" \/><input type=\"hidden\" name=\"_wp_http_referer\" value=\"\/index.php\/wp-json\/wp\/v2\/pages\/817\" \/><div data-type=\"name-element\" data-name=\"names\" class=\" ff-field_container ff-name-field-wrapper .fluentform input, .fluentform textarea, .fluentform select {     background-color: #ffffff; \/* Fond blanc *\/     color: #ff6600;            \/* Texte orange *\/     border: 1px solid #cccccc; }  \/* Placeholder (texte gris\u00e9 par d\u00e9faut) en orange aussi *\/ .fluentform input::placeholder, .fluentform textarea::placeholder {     color: #ff6600; }  \/* Couleur du texte dans les champs quand ils sont en focus (clic dedans) *\/ .fluentform input:focus, .fluentform textarea:focus, .fluentform select:focus {     border-color: #ff6600;     outline: none;     box-shadow: 0 0 0 2px rgba(255, 102, 0, 0.2); \/* halo orange clair *\/ }\" ><div class='ff-t-container'><div class='ff-t-cell '><div class='ff-el-group'><div class=\"ff-el-input--label ff-el-is-required asterisk-right\"><label for='ff_1_names_first_name_' id='label_ff_1_names_first_name_' >Nom<\/label><\/div><div class='ff-el-input--content'><input type=\"text\" name=\"names[first_name]\" id=\"ff_1_names_first_name_\" class=\"ff-el-form-control\" placeholder=\"Nom\" aria-invalid=\"false\" aria-required=true><\/div><\/div><\/div><div class='ff-t-cell '><div class='ff-el-group'><div class=\"ff-el-input--label ff-el-is-required asterisk-right\"><label for='ff_1_names_middle_name_' id='label_ff_1_names_middle_name_' >Pr\u00e9nom<\/label><\/div><div class='ff-el-input--content'><input type=\"text\" name=\"names[middle_name]\" id=\"ff_1_names_middle_name_\" class=\"ff-el-form-control\" placeholder=\"Pr\u00e9nom\" aria-invalid=\"false\" aria-required=true><\/div><\/div><\/div><div class='ff-t-cell '><div class='ff-el-group'><div class=\"ff-el-input--label asterisk-right\"><label for='ff_1_names_last_name_' id='label_ff_1_names_last_name_' >Entreprise<\/label><\/div><div class='ff-el-input--content'><input type=\"text\" name=\"names[last_name]\" id=\"ff_1_names_last_name_\" class=\"ff-el-form-control\" placeholder=\"Entreprise\" aria-invalid=\"false\" aria-required=false><\/div><\/div><\/div><\/div><\/div><div class='ff-el-group'><div class=\"ff-el-input--label ff-el-is-required asterisk-right\"><label for='ff_1_input_text' id='label_ff_1_input_text' aria-label=\"Votre num\u00e9ro de t\u00e9l\u00e9phone\">Votre num\u00e9ro de t\u00e9l\u00e9phone<\/label><\/div><div class='ff-el-input--content'><input type=\"text\" name=\"input_text\" class=\"ff-el-form-control\" placeholder=\"inscrivez votre num\u00e9ro\" data-name=\"input_text\" id=\"ff_1_input_text\"  aria-invalid=\"false\" aria-required=true><\/div><\/div><div class='ff-el-group'><div class=\"ff-el-input--label ff-el-is-required asterisk-right\"><label for='ff_1_email' id='label_ff_1_email' aria-label=\"Votre mail\">Votre mail<\/label><\/div><div class='ff-el-input--content'><input type=\"email\" name=\"email\" id=\"ff_1_email\" class=\"ff-el-form-control\" placeholder=\"Votre mail\" data-name=\"email\"  aria-invalid=\"false\" aria-required=true><\/div><\/div><div class='ff-el-group'><div class=\"ff-el-input--label ff-el-is-required asterisk-right\"><label for='ff_1_subject' id='label_ff_1_subject' aria-label=\"Votre Projet\">Votre Projet<\/label><\/div><div class='ff-el-input--content'><input type=\"text\" name=\"subject\" class=\"ff-el-form-control\" placeholder=\"Votre projet\" data-name=\"subject\" id=\"ff_1_subject\"  aria-invalid=\"false\" aria-required=true><\/div><\/div><div class='ff-el-group'><div class=\"ff-el-input--label ff-el-is-required asterisk-right\"><label for='ff_1_message' id='label_ff_1_message' aria-label=\"D\u00e9crivez nous votre projet\">D\u00e9crivez nous votre projet<\/label><\/div><div class='ff-el-input--content'><textarea aria-required=\"true\" aria-labelledby=\"label_ff_1_message\" name=\"message\" id=\"ff_1_message\" class=\"ff-el-form-control\" placeholder=\"D\u00e9crivez nous votre projet\" rows=\"4\" cols=\"2\" data-name=\"message\" ><\/textarea><\/div><\/div><div class='ff-el-group ' ><div class='ff-el-input--content'><div data-fluent_id='1' name='g-recaptcha-response'><div\n\t\tdata-sitekey='6Ldcbt8lAAAAAOISGkUTQK087CiTs52PnXyWzNJi'\n\t\tid='fluentform-recaptcha-1-1'\n\t\tclass='ff-el-recaptcha g-recaptcha'\n\t\tdata-callback='fluentFormrecaptchaSuccessCallback'><\/div><\/div><\/div><\/div><div class='ff-el-group ff-text-left ff_submit_btn_wrapper'><button type=\"submit\" class=\"ff-btn ff-btn-submit ff-btn-md ff_btn_no_style\"  aria-label=\"Envoyer\">Envoyer<\/button><\/div><\/fieldset><\/form><div id='fluentform_1_errors' class='ff-errors-in-stack ff_form_instance_1_1 ff-form-loading_errors ff_form_instance_1_1_errors'><\/div><\/div>            <script type=\"text\/javascript\">\n                window.fluent_form_ff_form_instance_1_1 = {\"id\":\"1\",\"ajaxUrl\":\"https:\\\/\\\/signaletiquefactory.fr\\\/wp-admin\\\/admin-ajax.php\",\"settings\":{\"layout\":{\"labelPlacement\":\"top\",\"helpMessagePlacement\":\"with_label\",\"errorMessagePlacement\":\"inline\",\"cssClassName\":\"\",\"asteriskPlacement\":\"asterisk-right\"},\"restrictions\":{\"denyEmptySubmission\":{\"enabled\":false}}},\"form_instance\":\"ff_form_instance_1_1\",\"form_id_selector\":\"fluentform_1\",\"rules\":{\"names[first_name]\":{\"required\":{\"value\":true,\"message\":\"ce champ est obligatoire\",\"global\":false,\"global_message\":\"Ce champ est obligatoire\"}},\"names[middle_name]\":{\"required\":{\"value\":true,\"message\":\"This field is required\",\"global\":false,\"global_message\":\"Ce champ est obligatoire\"}},\"names[last_name]\":{\"required\":{\"value\":false,\"message\":\"ce champ est obligatoire\",\"global\":false,\"global_message\":\"Ce champ est obligatoire\"}},\"input_text\":{\"required\":{\"value\":true,\"message\":\"Ce champ est obligatoire\",\"global_message\":\"Ce champ est obligatoire\",\"global\":true}},\"email\":{\"required\":{\"value\":true,\"message\":\"ce champ est obligatoire\",\"global\":false,\"global_message\":\"Ce champ est obligatoire\"},\"email\":{\"value\":true,\"message\":\"ce champ est obligatoire\",\"global\":false,\"global_message\":\"Ce champ doit contenir un e-mail valide\"}},\"subject\":{\"required\":{\"value\":true,\"message\":\"ce champ est obligatoire\",\"global\":false,\"global_message\":\"Ce champ est obligatoire\"}},\"message\":{\"required\":{\"value\":true,\"message\":\"Ce champ est obligatoire\",\"global\":false,\"global_message\":\"Ce champ est obligatoire\"}},\"g-recaptcha-response\":[]},\"debounce_time\":300};\n                            <\/script>\n            \n\n\n\n<div style=\"height:30px\" aria-hidden=\"true\" class=\"wp-block-spacer\"><\/div>\n<\/div><\/div>\n\n\n\n<!--Start of Tawk.to Script-->\n<script type=\"text\/javascript\">\nvar Tawk_API=Tawk_API||{}, Tawk_LoadStart=new Date();\n(function(){\nvar s1=document.createElement(\"script\"),s0=document.getElementsByTagName(\"script\")[0];\ns1.async=true;\ns1.src='https:\/\/embed.tawk.to\/689463316ec67e192b921f6b\/1j21q6uh0';\ns1.charset='UTF-8';\ns1.setAttribute('crossorigin','*');\ns0.parentNode.insertBefore(s1,s0);\n})();\n<\/script>\n<!--End of Tawk.to Script-->\n\n\n\n<div class=\"wp-block-columns is-layout-flex wp-container-core-columns-is-layout-9d6595d7 wp-block-columns-is-layout-flex\">\n<div class=\"wp-block-column is-layout-flow wp-block-column-is-layout-flow\"><\/div>\n\n\n\n<div class=\"wp-block-column is-layout-flow wp-block-column-is-layout-flow\"><\/div>\n\n\n\n<div class=\"wp-block-column is-layout-flow wp-block-column-is-layout-flow\">\n<div id=\"wp-block-themeisle-blocks-accordion-4f6a018a\" class=\"wp-block-themeisle-blocks-accordion exclusive has-icon\">\n<details class=\"wp-block-themeisle-blocks-accordion-item\"><summary class=\"wp-block-themeisle-blocks-accordion-item__title\"><div>  <\/div><\/summary><div class=\"wp-block-themeisle-blocks-accordion-item__content\">\n<p>Bien s\u00fbr ! Comme mon acc\u00e8s direct au contenu du site <strong>signaletiquefactory.fr<\/strong> via recherche n\u2019a pas donn\u00e9 de r\u00e9sultats, je vais m\u2019appuyer sur ce que vous m\u2019avez pr\u00e9c\u00e9demment communiqu\u00e9 : l\u2019atelier est situ\u00e9 en B\u00e9arn, dirig\u00e9 par Cathy et Romuald, experts en signal\u00e9tique et d\u00e9coration murale, avec une production locale et un accompagnement personnalis\u00e9. Je vais cr\u00e9er une page <strong>Contact<\/strong> optimis\u00e9e pour le SEO (environ 1200 mots), structur\u00e9e avec des titres clairs (H2, H3) et enrichie de mots-cl\u00e9s pertinents.<\/p>\n\n\n\n<hr class=\"wp-block-separator has-alpha-channel-opacity\"\/>\n\n\n\n<h1 class=\"wp-block-heading\">Contactez Signal\u00e9tique Factory \u2014 Votre atelier de signal\u00e9tique sur mesure en B\u00e9arn<\/h1>\n\n\n\n<h3 class=\"wp-block-heading\">H2 \u2014 Besoin de conseils ou d\u2019un projet personnalis\u00e9 ?<\/h3>\n\n\n\n<p>N\u2019h\u00e9sitez pas \u00e0 <strong>contacter Signal\u00e9tique Factory<\/strong>, votre partenaire en signal\u00e9tique, d\u00e9coration murale et supports visuels, pour vous accompagner dans vos projets les plus ambitieux. Que vous soyez une entreprise, une collectivit\u00e9, un commer\u00e7ant ou un particulier, nous sommes \u00e0 votre \u00e9coute pour vous proposer des solutions esth\u00e9tiques, fonctionnelles et durables.<\/p>\n\n\n\n<hr class=\"wp-block-separator has-alpha-channel-opacity\"\/>\n\n\n\n<h3 class=\"wp-block-heading\">H2 \u2014 Nos coordonn\u00e9es<\/h3>\n\n\n\n<p><strong>Adresse de notre atelier \/ si\u00e8ge<\/strong><br>Signal\u00e9tique Factory<br>[Adresse exacte, si disponible ; sinon : B\u00e9arn, Nouvelle-Aquitaine, France]<\/p>\n\n\n\n<p><strong>T\u00e9l\u00e9phone<\/strong><br>+33 (0X) XX XX XX XX<\/p>\n\n\n\n<p><strong>Email<\/strong><br><a href=\"mailto:contact@signaletiquefactory.fr\">contact@signaletiquefactory.fr<\/a><\/p>\n\n\n\n<p><strong>Horaires d\u2019ouverture<\/strong><br>Lundi \u2013 vendredi : 8 h 30 \u2013 12 h \/ 13 h 30 \u2013 18 h<br>Samedi et dimanche : sur rendez-vous<\/p>\n\n\n\n<p>Nous sommes \u00e9galement disponibles pour des rendez-vous en atelier ou sur site afin d\u2019\u00e9changer sur votre projet de signal\u00e9tique personnalis\u00e9e et obtenir un devis adapt\u00e9 \u00e0 vos besoins.<\/p>\n\n\n\n<hr class=\"wp-block-separator has-alpha-channel-opacity\"\/>\n\n\n\n<h3 class=\"wp-block-heading\">H2 \u2014 Pourquoi nous contacter ? Parce que chaque projet m\u00e9rite un accompagnement sur mesure<\/h3>\n\n\n\n<ul class=\"wp-block-list\">\n<li><strong>Conception graphique personnalis\u00e9e<\/strong> : notre studio travaille avec vous pour d\u00e9finir des visuels coh\u00e9rents avec votre identit\u00e9 visuelle.<\/li>\n\n\n\n<li><strong>Fabrication locale de qualit\u00e9<\/strong> : toutes nos r\u00e9alisations sont produites dans notre atelier bas\u00e9 en B\u00e9arn, pour une fabrication fran\u00e7aise respectueuse de l\u2019environnement.<\/li>\n\n\n\n<li><strong>Expertise multimat\u00e9riaux<\/strong> : signal\u00e9tique int\u00e9rieure, enseignes ext\u00e9rieures, d\u00e9cor mural, \u00e9v\u00e9nementiel\u2026 nous ma\u00eetrisons une large palette de supports et techniques.<\/li>\n\n\n\n<li><strong>Respect des normes et de l\u2019environnement<\/strong> : s\u00e9curit\u00e9, durabilit\u00e9, mat\u00e9riaux \u00e9co-responsables, impressions haute d\u00e9finition, minimalisation des d\u00e9chets\u2026<\/li>\n\n\n\n<li><strong>Intervention sur site et installation<\/strong> : nos d\u00e9placements locaux permettent de comprendre vos contraintes, ajuster le projet et assurer une pose impeccable.<\/li>\n<\/ul>\n\n\n\n<hr class=\"wp-block-separator has-alpha-channel-opacity\"\/>\n\n\n\n<h3 class=\"wp-block-heading\">H2 \u2014 Formulaire de contact (\u00e0 int\u00e9grer dans WordPress)<\/h3>\n\n\n\n<p>Int\u00e9grez un formulaire simple et efficace :<\/p>\n\n\n\n<p><strong>Titre du bloc :<\/strong> Demande de devis ou rens\u00adeignements<\/p>\n\n\n\n<p><strong>Champs \u00e0 inclure<\/strong> :<\/p>\n\n\n\n<ul class=\"wp-block-list\">\n<li>Nom \/ Soci\u00e9t\u00e9<\/li>\n\n\n\n<li>Email<\/li>\n\n\n\n<li>T\u00e9l\u00e9phone<\/li>\n\n\n\n<li>Nature du projet (entreprise, commerce, \u00e9v\u00e9nement, d\u00e9coration murale, signal\u00e9tique ext\u00e9rieure&#8230;)<\/li>\n\n\n\n<li>Description br\u00e8ve du projet<\/li>\n\n\n\n<li>Fichiers joints (plans, photos, charte graphique) \u2013 facultatif<\/li>\n\n\n\n<li>Bouton : \u00ab Envoyer ma demande \u00bb<\/li>\n<\/ul>\n\n\n\n<p><strong>Texte d\u2019introduction pour le formulaire :<\/strong><\/p>\n\n\n\n<blockquote class=\"wp-block-quote is-layout-flow wp-block-quote-is-layout-flow\">\n<p>\u00ab Vous avez un projet de signal\u00e9tique, d\u00e9coration ou communication visuelle ? D\u00e9crivez-le ici, joignez vos id\u00e9es ou documents, et nous vous r\u00e9pondrons rapidement avec une proposition personnalis\u00e9e. \u00bb<\/p>\n<\/blockquote>\n\n\n\n<p>Utiliser un formulaire renforce la conversion et collecte des d\u00e9tails essentiels d\u00e8s le premier contact.<\/p>\n\n\n\n<hr class=\"wp-block-separator has-alpha-channel-opacity\"\/>\n\n\n\n<h3 class=\"wp-block-heading\">H2 \u2014 Engagements et valeurs mis en avant sur la page Contact<\/h3>\n\n\n\n<p>Sur cette page, vous pouvez aussi rappeler vos valeurs et engagements \u2014 cela renforce la confiance et favorise votre r\u00e9f\u00e9rencement sur des requ\u00eates comme \u00ab\u00a0signal\u00e9tique B\u00e9arn\u00a0\u00bb, \u00ab\u00a0atelier signal\u00e9tique local\u00a0\u00bb, \u00ab\u00a0d\u00e9coration murale sur mesure\u00a0\u00bb.<\/p>\n\n\n\n<p>Exemple de texte \u00e0 int\u00e9grer autour du formulaire ou en section d\u00e9di\u00e9e :<\/p>\n\n\n\n<blockquote class=\"wp-block-quote is-layout-flow wp-block-quote-is-layout-flow\">\n<p><strong>Notre engagement : \u00e9coute, proximit\u00e9 et qualit\u00e9<\/strong><br>Ancr\u00e9s au c\u0153ur du B\u00e9arn, nous sommes fiers d\u2019offrir une <strong>fabrication fran\u00e7aise<\/strong> et une relation de proximit\u00e9. Chaque contact est le point de d\u00e9part d\u2019un <strong>accompagnement humain<\/strong>, r\u00e9fl\u00e9chi et engag\u00e9. Chez Signal\u00e9tique Factory, votre projet est sur-mesure, \u00e9coresponsable et imagin\u00e9 dans un esprit de partenariat durable.<\/p>\n<\/blockquote>\n\n\n\n<hr class=\"wp-block-separator has-alpha-channel-opacity\"\/>\n\n\n\n<h3 class=\"wp-block-heading\">H2 \u2014 Questions fr\u00e9quentes (FAQ)<\/h3>\n\n\n\n<p>Int\u00e9grer une petite FAQ peut enrichir le SEO et r\u00e9pondre \u00e0 des besoins imm\u00e9diats :<\/p>\n\n\n\n<p><strong>Q1.<\/strong> Quels types de projets accueillez-vous ?<br><strong>R1.<\/strong> Nous r\u00e9alisons des signal\u00e9tiques d\u2019entreprises, enseignes ext\u00e9rieures, d\u00e9corations murales, marquage de v\u00e9hicules, supports \u00e9v\u00e9nementiels, PLV, kak\u00e9monos\u2026 bref, tout ce qui valorise visuellement vos espaces et votre communication.<\/p>\n\n\n\n<p><strong>Q2.<\/strong> Travaillez-vous uniquement en B\u00e9arn ?<br><strong>R2.<\/strong> Oui, nous produisons localement et intervenons directement chez vous, mais je vous invite \u00e0 nous contacter, nous pourrons \u00e9tudier la faisabilit\u00e9 selon la localisation de votre projet.<\/p>\n\n\n\n<p><strong>Q3.<\/strong> Comment obtenir un devis ?<br><strong>R3.<\/strong> Gr\u00e2ce au formulaire contact ou par t\u00e9l\u00e9phone, apr\u00e8s un bref \u00e9change sur votre besoin, nous vous proposerons une premi\u00e8re \u00e9bauche estimative, suivie d\u2019un devis d\u00e9taill\u00e9.<\/p>\n\n\n\n<p><strong>Q4.<\/strong> Quels sont vos d\u00e9lais ?<br><strong>R4.<\/strong> Cela d\u00e9pend de la complexit\u00e9 : variables d\u00e8s la demande de conception jusqu\u2019\u00e0 la pose. Nous veillons toujours \u00e0 respecter vos imp\u00e9ratifs en nous appuyant sur notre r\u00e9activit\u00e9 et notre fabrication locale.<\/p>\n\n\n\n<hr class=\"wp-block-separator has-alpha-channel-opacity\"\/>\n\n\n\n<h3 class=\"wp-block-heading\">H2 \u2014 Optimisation SEO par mots-cl\u00e9s int\u00e9gr\u00e9s<\/h3>\n\n\n\n<p>Pour am\u00e9liorer le trafic naturel, veillez \u00e0 inclure dans cette page des mots et expressions comme :<\/p>\n\n\n\n<ul class=\"wp-block-list\">\n<li>signal\u00e9tique B\u00e9arn<\/li>\n\n\n\n<li>atelier signal\u00e9tique sur mesure<\/li>\n\n\n\n<li>fabrication signal\u00e9tique locale<\/li>\n\n\n\n<li>d\u00e9coration murale B\u00e9arn<\/li>\n\n\n\n<li>contact signal\u00e9tique factory<\/li>\n<\/ul>\n\n\n\n<p>Ces mots-cl\u00e9s doivent appara\u00eetre naturellement : dans le titre, les sous-titres, les paragraphes et le formulaire ou CTA.<\/p>\n\n\n\n<hr class=\"wp-block-separator has-alpha-channel-opacity\"\/>\n\n\n\n<h2 class=\"wp-block-heading\"><\/h2>\n\n\n\n<p>N\u2019attendez plus : contactez <strong>Signal\u00e9tique Factory<\/strong> d\u00e8s aujourd\u2019hui pour donner vie \u00e0 votre projet visuel. Que ce soit pour une enseigne, un d\u00e9cor mural, une signal\u00e9tique int\u00e9rieure ou ext\u00e9rieure, nous mettons notre cr\u00e9ativit\u00e9, notre rigueur et notre c\u0153ur \u00e0 l&rsquo;ouvrage. En nous sollicitant, vous optez pour un partenaire engag\u00e9, local et passionn\u00e9, pr\u00eat \u00e0 sublimer votre communication.<\/p>\n\n\n\n<hr class=\"wp-block-separator has-alpha-channel-opacity\"\/>\n\n\n\n<p><\/p>\n<\/div><\/details>\n<\/div>\n<\/div>\n<\/div>\n","protected":false},"excerpt":{"rendered":"","protected":false},"author":1,"featured_media":0,"parent":0,"menu_order":0,"comment_status":"closed","ping_status":"closed","template":"","meta":{"neve_meta_sidebar":"","neve_meta_container":"","neve_meta_enable_content_width":"","neve_meta_content_width":0,"neve_meta_title_alignment":"","neve_meta_author_avatar":"","neve_post_elements_order":"","neve_meta_disable_header":"","neve_meta_disable_footer":"","neve_meta_disable_title":"on","_themeisle_gutenberg_block_has_review":false,"iawp_total_views":701,"footnotes":""},"class_list":["post-817","page","type-page","status-publish","hentry"],"_links":{"self":[{"href":"https:\/\/signaletiquefactory.fr\/index.php\/wp-json\/wp\/v2\/pages\/817","targetHints":{"allow":["GET"]}}],"collection":[{"href":"https:\/\/signaletiquefactory.fr\/index.php\/wp-json\/wp\/v2\/pages"}],"about":[{"href":"https:\/\/signaletiquefactory.fr\/index.php\/wp-json\/wp\/v2\/types\/page"}],"author":[{"embeddable":true,"href":"https:\/\/signaletiquefactory.fr\/index.php\/wp-json\/wp\/v2\/users\/1"}],"replies":[{"embeddable":true,"href":"https:\/\/signaletiquefactory.fr\/index.php\/wp-json\/wp\/v2\/comments?post=817"}],"version-history":[{"count":8,"href":"https:\/\/signaletiquefactory.fr\/index.php\/wp-json\/wp\/v2\/pages\/817\/revisions"}],"predecessor-version":[{"id":1136,"href":"https:\/\/signaletiquefactory.fr\/index.php\/wp-json\/wp\/v2\/pages\/817\/revisions\/1136"}],"wp:attachment":[{"href":"https:\/\/signaletiquefactory.fr\/index.php\/wp-json\/wp\/v2\/media?parent=817"}],"curies":[{"name":"wp","href":"https:\/\/api.w.org\/{rel}","templated":true}]}}